{"id":309,"date":"2025-09-15T20:15:45","date_gmt":"2025-09-15T18:15:45","guid":{"rendered":"https:\/\/ecole-des-deux-rives.be\/?page_id=309"},"modified":"2025-09-15T20:47:04","modified_gmt":"2025-09-15T18:47:04","slug":"accueil-extra-scolaire","status":"publish","type":"page","link":"https:\/\/ecole-des-deux-rives.be\/index.php\/vie-a-lecole\/accueil-extra-scolaire\/","title":{"rendered":"Accueil extra-scolaire"},"content":{"rendered":"\n    \n    <section class=\"u-align-center u-clearfix u-container-align-left-sm u-container-align-left-xs u-section-2\" id=\"block-3\">\n      <div class=\"u-clearfix u-sheet u-valign-middle-lg u-valign-middle-md u-valign-middle-sm u-valign-middle-xs u-sheet-1\">\n        <h1 class=\"u-align-left u-text u-text-1\">Accueil extra-scolaire<\/h1>\n        <h2 class=\"u-align-left u-text u-text-default u-text-2\"> L'accueil des enfants de l'\u00e9tablissement avant et apr\u00e8s les heures de classe est organis\u00e9 par l'Administration communale de Musson.<\/h2>\n        <div class=\"data-layout-selected u-clearfix u-expanded-width u-layout-wrap u-layout-wrap-1\">\n          <div class=\"u-layout\">\n            <div class=\"u-layout-row\">\n              <div class=\"u-container-align-left u-container-style u-layout-cell u-left-cell u-size-30 u-layout-cell-1\">\n                <div class=\"u-container-layout u-valign-top u-container-layout-1\">\n                  <h5 class=\"u-align-left u-text u-text-default u-text-3\">Horaires<\/h5>\n                  <ul class=\"u-align-left u-text u-text-default u-text-4\">\n                    <li> Le matin de 7h15 \u00e0 8h15<\/li>\n                    <li>Apr\u00e8s les cours de 15h20 \u00e0 19h<\/li>\n                  <\/ul>\n                <\/div>\n              <\/div>\n              <div class=\"u-container-align-left u-container-style u-layout-cell u-right-cell u-size-30 u-layout-cell-2\">\n                <div class=\"u-container-layout u-valign-bottom-xl u-valign-top-lg u-valign-top-md u-valign-top-sm u-valign-top-xs u-container-layout-2\">\n                  <h5 class=\"u-align-left u-text u-text-default u-text-5\">Prix<\/h5>\n                  <p class=\"u-align-justify u-large-text u-text u-text-default u-text-variant u-text-6\"> Participation de 1,50 \u20ac de l'heure ; toute demi-heure entam\u00e9e est comptabilis\u00e9e.<br>Pour toutes informations concernant l'accueil extra-scolaire, ses principes, son projet p\u00e9dagogique et l'inscription de votre enfant, je vous invite \u00e0 contacter Madame Isabelle Guarneri-Durtka, coordinatrice de l'Accueil extra-scolaire, au 063\/380850 ou au 063\/240281.<br>Tous les renseignements concernant cet accueil sont disponibles sur le site de l'Administration communale :&nbsp;<a href=\"http:\/\/www.musson.be\/\" target=\"_blank\" class=\"u-active-none u-border-none u-btn u-button-style u-hover-none u-none u-text-palette-1-base u-btn-1\">www.musson.be<\/a>&nbsp;au niveau de la rubrique \"agenda\".\n                  <\/p>\n                <\/div>\n              <\/div>\n            <\/div>\n          <\/div>\n        <\/div>\n      <\/div>\n    <\/section>\n    \n    \n    \n  \n","protected":false},"excerpt":{"rendered":"<p>Accueil extra-scolaire L&rsquo;accueil des enfants de l&rsquo;\u00e9tablissement avant et apr\u00e8s les heures de classe est organis\u00e9 par l&rsquo;Administration communale de Musson. Horaires Le matin de 7h15 \u00e0 8h15 Apr\u00e8s les cours de 15h20 \u00e0 19h Prix Participation de 1,50 \u20ac de l&rsquo;heure ; toute demi-heure entam\u00e9e est comptabilis\u00e9e.Pour toutes informations concernant l&rsquo;accueil extra-scolaire, ses principes, &hellip; <a href=\"https:\/\/ecole-des-deux-rives.be\/index.php\/vie-a-lecole\/accueil-extra-scolaire\/\" class=\"more-link\">Continue reading<span class=\"screen-reader-text\"> \u00ab\u00a0Accueil extra-scolaire\u00a0\u00bb<\/span><\/a><\/p>\n","protected":false},"author":1,"featured_media":0,"parent":370,"menu_order":1,"comment_status":"closed","ping_status":"closed","template":"","meta":{"footnotes":""},"class_list":["post-309","page","type-page","status-publish","hentry"],"yoast_head":"<!-- This site is optimized with the Yoast SEO plugin v27.4 - https:\/\/yoast.com\/product\/yoast-seo-wordpress\/ -->\n<title>Accueil extra-scolaire - Ecoles des Deux Rives<\/title>\n<meta name=\"robots\" content=\"index, follow, max-snippet:-1, max-image-preview:large, max-video-preview:-1\" \/>\n<link rel=\"canonical\" href=\"https:\/\/ecole-des-deux-rives.be\/index.php\/accueil-extra-scolaire\/\" \/>\n<meta property=\"og:locale\" content=\"fr_FR\" \/>\n<meta property=\"og:type\" content=\"article\" \/>\n<meta property=\"og:title\" content=\"Accueil extra-scolaire - Ecoles des Deux Rives\" \/>\n<meta property=\"og:description\" content=\"Accueil extra-scolaire L&#039;accueil des enfants de l&#039;\u00e9tablissement avant et apr\u00e8s les heures de classe est organis\u00e9 par l&#039;Administration communale de Musson. Horaires Le matin de 7h15 \u00e0 8h15 Apr\u00e8s les cours de 15h20 \u00e0 19h Prix Participation de 1,50 \u20ac de l&#039;heure ; toute demi-heure entam\u00e9e est comptabilis\u00e9e.Pour toutes informations concernant l&#039;accueil extra-scolaire, ses principes, &hellip; Continue reading &quot;Accueil extra-scolaire&quot;\" \/>\n<meta property=\"og:url\" content=\"https:\/\/ecole-des-deux-rives.be\/index.php\/accueil-extra-scolaire\/\" \/>\n<meta property=\"og:site_name\" content=\"Ecoles des Deux Rives\" \/>\n<meta property=\"article:modified_time\" content=\"2025-09-15T18:47:04+00:00\" \/>\n<meta property=\"og:image\" content=\"https:\/\/ecole-des-deux-rives.be\/wp-content\/uploads\/2024\/12\/ecole_primaire_entree.jpg\" \/>\n\t<meta property=\"og:image:width\" content=\"1920\" \/>\n\t<meta property=\"og:image:height\" content=\"1080\" \/>\n\t<meta property=\"og:image:type\" content=\"image\/jpeg\" \/>\n<meta name=\"twitter:card\" content=\"summary_large_image\" \/>\n<script type=\"application\/ld+json\" class=\"yoast-schema-graph\">{\"@context\":\"https:\\\/\\\/schema.org\",\"@graph\":[{\"@type\":\"WebPage\",\"@id\":\"https:\\\/\\\/ecole-des-deux-rives.be\\\/index.php\\\/accueil-extra-scolaire\\\/\",\"url\":\"https:\\\/\\\/ecole-des-deux-rives.be\\\/index.php\\\/accueil-extra-scolaire\\\/\",\"name\":\"Accueil extra-scolaire - Ecoles des Deux Rives\",\"isPartOf\":{\"@id\":\"https:\\\/\\\/ecole-des-deux-rives.be\\\/#website\"},\"datePublished\":\"2025-09-15T18:15:45+00:00\",\"dateModified\":\"2025-09-15T18:47:04+00:00\",\"breadcrumb\":{\"@id\":\"https:\\\/\\\/ecole-des-deux-rives.be\\\/index.php\\\/accueil-extra-scolaire\\\/#breadcrumb\"},\"inLanguage\":\"fr-FR\",\"potentialAction\":[{\"@type\":\"ReadAction\",\"target\":[\"https:\\\/\\\/ecole-des-deux-rives.be\\\/index.php\\\/accueil-extra-scolaire\\\/\"]}]},{\"@type\":\"BreadcrumbList\",\"@id\":\"https:\\\/\\\/ecole-des-deux-rives.be\\\/index.php\\\/accueil-extra-scolaire\\\/#breadcrumb\",\"itemListElement\":[{\"@type\":\"ListItem\",\"position\":1,\"name\":\"Accueil\",\"item\":\"https:\\\/\\\/ecole-des-deux-rives.be\\\/\"},{\"@type\":\"ListItem\",\"position\":2,\"name\":\"Accueil extra-scolaire\"}]},{\"@type\":\"WebSite\",\"@id\":\"https:\\\/\\\/ecole-des-deux-rives.be\\\/#website\",\"url\":\"https:\\\/\\\/ecole-des-deux-rives.be\\\/\",\"name\":\"Ecole des deux rives \u00e0 Musson\",\"description\":\"Ecoles des Deux Rives, Musson\",\"alternateName\":\"Eddr\",\"potentialAction\":[{\"@type\":\"SearchAction\",\"target\":{\"@type\":\"EntryPoint\",\"urlTemplate\":\"https:\\\/\\\/ecole-des-deux-rives.be\\\/?s={search_term_string}\"},\"query-input\":{\"@type\":\"PropertyValueSpecification\",\"valueRequired\":true,\"valueName\":\"search_term_string\"}}],\"inLanguage\":\"fr-FR\"}]}<\/script>\n<!-- \/ Yoast SEO plugin. -->","yoast_head_json":{"title":"Accueil extra-scolaire - Ecoles des Deux Rives","robots":{"index":"index","follow":"follow","max-snippet":"max-snippet:-1","max-image-preview":"max-image-preview:large","max-video-preview":"max-video-preview:-1"},"canonical":"https:\/\/ecole-des-deux-rives.be\/index.php\/accueil-extra-scolaire\/","og_locale":"fr_FR","og_type":"article","og_title":"Accueil extra-scolaire - Ecoles des Deux Rives","og_description":"Accueil extra-scolaire L'accueil des enfants de l'\u00e9tablissement avant et apr\u00e8s les heures de classe est organis\u00e9 par l'Administration communale de Musson. Horaires Le matin de 7h15 \u00e0 8h15 Apr\u00e8s les cours de 15h20 \u00e0 19h Prix Participation de 1,50 \u20ac de l'heure ; toute demi-heure entam\u00e9e est comptabilis\u00e9e.Pour toutes informations concernant l'accueil extra-scolaire, ses principes, &hellip; Continue reading \"Accueil extra-scolaire\"","og_url":"https:\/\/ecole-des-deux-rives.be\/index.php\/accueil-extra-scolaire\/","og_site_name":"Ecoles des Deux Rives","article_modified_time":"2025-09-15T18:47:04+00:00","og_image":[{"width":1920,"height":1080,"url":"https:\/\/ecole-des-deux-rives.be\/wp-content\/uploads\/2024\/12\/ecole_primaire_entree.jpg","type":"image\/jpeg"}],"twitter_card":"summary_large_image","schema":{"@context":"https:\/\/schema.org","@graph":[{"@type":"WebPage","@id":"https:\/\/ecole-des-deux-rives.be\/index.php\/accueil-extra-scolaire\/","url":"https:\/\/ecole-des-deux-rives.be\/index.php\/accueil-extra-scolaire\/","name":"Accueil extra-scolaire - Ecoles des Deux Rives","isPartOf":{"@id":"https:\/\/ecole-des-deux-rives.be\/#website"},"datePublished":"2025-09-15T18:15:45+00:00","dateModified":"2025-09-15T18:47:04+00:00","breadcrumb":{"@id":"https:\/\/ecole-des-deux-rives.be\/index.php\/accueil-extra-scolaire\/#breadcrumb"},"inLanguage":"fr-FR","potentialAction":[{"@type":"ReadAction","target":["https:\/\/ecole-des-deux-rives.be\/index.php\/accueil-extra-scolaire\/"]}]},{"@type":"BreadcrumbList","@id":"https:\/\/ecole-des-deux-rives.be\/index.php\/accueil-extra-scolaire\/#breadcrumb","itemListElement":[{"@type":"ListItem","position":1,"name":"Accueil","item":"https:\/\/ecole-des-deux-rives.be\/"},{"@type":"ListItem","position":2,"name":"Accueil extra-scolaire"}]},{"@type":"WebSite","@id":"https:\/\/ecole-des-deux-rives.be\/#website","url":"https:\/\/ecole-des-deux-rives.be\/","name":"Ecole des deux rives \u00e0 Musson","description":"Ecoles des Deux Rives, Musson","alternateName":"Eddr","potentialAction":[{"@type":"SearchAction","target":{"@type":"EntryPoint","urlTemplate":"https:\/\/ecole-des-deux-rives.be\/?s={search_term_string}"},"query-input":{"@type":"PropertyValueSpecification","valueRequired":true,"valueName":"search_term_string"}}],"inLanguage":"fr-FR"}]}},"jetpack_sharing_enabled":true,"_links":{"self":[{"href":"https:\/\/ecole-des-deux-rives.be\/index.php\/wp-json\/wp\/v2\/pages\/309","targetHints":{"allow":["GET"]}}],"collection":[{"href":"https:\/\/ecole-des-deux-rives.be\/index.php\/wp-json\/wp\/v2\/pages"}],"about":[{"href":"https:\/\/ecole-des-deux-rives.be\/index.php\/wp-json\/wp\/v2\/types\/page"}],"author":[{"embeddable":true,"href":"https:\/\/ecole-des-deux-rives.be\/index.php\/wp-json\/wp\/v2\/users\/1"}],"replies":[{"embeddable":true,"href":"https:\/\/ecole-des-deux-rives.be\/index.php\/wp-json\/wp\/v2\/comments?post=309"}],"version-history":[{"count":2,"href":"https:\/\/ecole-des-deux-rives.be\/index.php\/wp-json\/wp\/v2\/pages\/309\/revisions"}],"predecessor-version":[{"id":311,"href":"https:\/\/ecole-des-deux-rives.be\/index.php\/wp-json\/wp\/v2\/pages\/309\/revisions\/311"}],"up":[{"embeddable":true,"href":"https:\/\/ecole-des-deux-rives.be\/index.php\/wp-json\/wp\/v2\/pages\/370"}],"wp:attachment":[{"href":"https:\/\/ecole-des-deux-rives.be\/index.php\/wp-json\/wp\/v2\/media?parent=309"}],"curies":[{"name":"wp","href":"https:\/\/api.w.org\/{rel}","templated":true}]}}