{"id":352,"date":"2025-09-22T19:23:43","date_gmt":"2025-09-22T17:23:43","guid":{"rendered":"https:\/\/ecole-des-deux-rives.be\/?page_id=352"},"modified":"2025-09-22T19:23:43","modified_gmt":"2025-09-22T17:23:43","slug":"mentions-legales","status":"publish","type":"page","link":"https:\/\/ecole-des-deux-rives.be\/index.php\/mentions-legales\/","title":{"rendered":"Mentions l\u00e9gales"},"content":{"rendered":"\n    \n    <section class=\"u-clearfix u-section-2\" id=\"block-2\">\n      <div class=\"u-clearfix u-sheet u-valign-middle-lg u-valign-middle-md u-valign-middle-sm u-valign-middle-xs u-sheet-1\">\n        <h1 class=\"u-text u-text-1\">Mentions l\u00e9gales<\/h1>\n        <div class=\"fr-view u-clearfix u-rich-text u-text u-text-2\">\n          <h3 id=\"isPasted\">Article 1 : G\u00e9n\u00e9ralit\u00e9s<\/h3>\n          <p>Ce site Internet a \u00e9t\u00e9 con\u00e7u par Didier Leboutte et est g\u00e9r\u00e9 par Ecole des Deux Rives EFCF Musson.<\/p>\n          <p style=\"line-height: 1;\">Didier Leboutte<\/p>\n          <p style=\"line-height: 1;\">Rue Jamodenne, 44 B-6900 Aye - BE-0688-487-489<\/p>\n          <p style=\"line-height: 1;\">T\u00e9l. : +32(0)84.21.05.34<\/p>\n          <p style=\"line-height: 1;\">Ecole des Deux Rives EFCF Musson<\/p>\n          <p style=\"line-height: 1;\">Place Abb\u00e9 Goffinet, 22 B-6750 Musson<\/p>\n          <p style=\"line-height: 1;\">T\u00e9l. : +32(0)63.67.73.57<\/p>\n          <p>Le visiteur du site ecole-des-deux-rives.be accepte implicitement les conditions g\u00e9n\u00e9rales ci-dessous.<\/p>\n          <h3>Article 2 : Contenu<\/h3>\n          <p>Si Ecole des Deux Rives EFCF Musson accorde le plus grand soin \u00e0 la cr\u00e9ation de ce site Internet, il ne garantit toutefois pas l'exactitude de l'information pr\u00e9sent\u00e9e. L'utilisateur est \u00e9galement conscient du fait que l'information est susceptible de changer sans avis pr\u00e9alable. C'est la raison pour laquelle Ecole des Deux Rives EFCF Musson ne peut pas \u00eatre tenue pour responsable du contenu de ce site ni de l'usage qui en est fait. Si il constate des erreurs ou des donn\u00e9es incompl\u00e8tes, Ecole des Deux Rives EFCF Musson proc\u00e9dera imm\u00e9diatement aux corrections ou mises \u00e0 jour n\u00e9cessaires.<\/p>\n          <p>Au cas o\u00f9 des liens seraient \u00e9tablis avec d'autres sites, par exemple dans le cas de moteurs de recherche, Ecole des Deux Rives EFCF Musson ne pourra \u00eatre tenue pour responsable du contenu ou de l'existence de ces autres sites. Quiconque fera usage de ces moteurs de recherche est conscient du fait que l'Internet contient du contenu outrepassant les bonnes m\u0153urs et potentiellement nuisible, et reconna\u00eet que Ecole des Deux Rives EFCF Musson est incapable d'exercer un quelconque contr\u00f4le sur ce mat\u00e9riel illicite ou nuisible.<\/p>\n          <p>Ecole des Deux Rives EFCF Musson ne peut \u00eatre tenue pour responsable d'erreurs \u00e9ventuelles dans les adresses de sites Internet ou de noms de domaine figurant sur ce site.<\/p>\n          <h3>Article 3 : Droits d'auteur<\/h3>\n          <p>Les textes, la mise en pages, les illustrations et tous les autres \u00e9l\u00e9ments sont prot\u00e9g\u00e9s par tous les droits de propri\u00e9t\u00e9 envisageables tels que les droits d'auteur, les illustrations et mod\u00e8les, le droit concernant les bases de donn\u00e9es, etc.La copie, la traduction, l'adaptation, le traitement ou la modification de l'int\u00e9gralit\u00e9 ou d'une partie de ce site, sous quelque forme ou de quelque mani\u00e8re que ce soit, sont strictement interdits sauf autorisation pr\u00e9alable du propri\u00e9taire du site Ecole des Deux Rives EFCF Musson.<\/p>\n          <p>Toute infraction donnera lieu \u00e0 des poursuites civiles ou p\u00e9nales. Ecole des Deux Rives EFCF Musson autorise le visiteur de ce site \u00e0 copier, imprimer et renseigner les donn\u00e9es reprises sur le site \u00e0 condition que ces donn\u00e9es soient uniquement destin\u00e9es \u00e0 des fins d'information, et \u00e0 l'exclusion de toute d\u00e9multiplication, distribution, commercialisation ou exploitation ult\u00e9rieure par des tiers.<\/p>\n          <h3>Article 4 : Cookies<\/h3>\n          <p>Ecole des Deux Rives EFCF Musson se r\u00e9serve le droit d'utiliser des cookies afin de simplifier l'emploi du site, ou \u00e0 des fins administratives. Le cookie est uniquement lisible par celui qui a cr\u00e9\u00e9 le cookie. Vous pouvez configurer votre navigateur de mani\u00e8re \u00e0 \u00eatre averti(e) chaque fois qu'un cookie est cr\u00e9\u00e9 ou le param\u00e9trer pour rendre impossible la cr\u00e9ation de cookies.<\/p>\n          <h3>Article 5 : Dommage<\/h3>\n          <p>Nous excluons toute responsabilit\u00e9 pour les cas de dommage directs ou indirects, de quelque nature, r\u00e9sultant de ou ayant un rapport avec l'utilisation de ce site ou l'impossibilit\u00e9 temporaire de consulter ce site.<\/p>\n          <h3>Article 7 : Marques commerciales<\/h3>\n          <p>Certains noms, signes et logos employ\u00e9s sur ce site sont des marques commerciales prot\u00e9g\u00e9es.<\/p>\n          <h3>Article 8 : Divers<\/h3>\n          <p>Tout diff\u00e9rend concernant le site ecole-des-deux-rives.be est du ressort de la loi belge. Ecole des Deux Rives EFCF Musson se r\u00e9serve le droit de modifier les conditions, les dispositions et les mises en garde valables pour l'utilisation de ce site. C'est pourquoi vous avez l'obligation, en tant qu'utilisateur, de v\u00e9rifier les mentions l\u00e9gales lors de chaque visite.<\/p>\n        <\/div>\n      <\/div>\n    <\/section>\n    \n    \n    \n  \n","protected":false},"excerpt":{"rendered":"<p>Mentions l\u00e9gales Article 1 : G\u00e9n\u00e9ralit\u00e9s Ce site Internet a \u00e9t\u00e9 con\u00e7u par Didier Leboutte et est g\u00e9r\u00e9 par Ecole des Deux Rives EFCF Musson. Didier Leboutte Rue Jamodenne, 44 B-6900 Aye &#8211; BE-0688-487-489 T\u00e9l. : +32(0)84.21.05.34 Ecole des Deux Rives EFCF Musson Place Abb\u00e9 Goffinet, 22 B-6750 Musson T\u00e9l. : +32(0)63.67.73.57 Le visiteur du &hellip; <a href=\"https:\/\/ecole-des-deux-rives.be\/index.php\/mentions-legales\/\" class=\"more-link\">Continue reading<span class=\"screen-reader-text\"> \u00ab\u00a0Mentions l\u00e9gales\u00a0\u00bb<\/span><\/a><\/p>\n","protected":false},"author":1,"featured_media":0,"parent":0,"menu_order":5,"comment_status":"closed","ping_status":"closed","template":"","meta":{"footnotes":""},"class_list":["post-352","page","type-page","status-publish","hentry"],"yoast_head":"<!-- This site is optimized with the Yoast SEO plugin v27.4 - https:\/\/yoast.com\/product\/yoast-seo-wordpress\/ -->\n<title>Mentions l\u00e9gales - Ecoles des Deux Rives<\/title>\n<meta name=\"robots\" content=\"index, follow, max-snippet:-1, max-image-preview:large, max-video-preview:-1\" \/>\n<link rel=\"canonical\" href=\"https:\/\/ecole-des-deux-rives.be\/index.php\/mentions-legales\/\" \/>\n<meta property=\"og:locale\" content=\"fr_FR\" \/>\n<meta property=\"og:type\" content=\"article\" \/>\n<meta property=\"og:title\" content=\"Mentions l\u00e9gales - Ecoles des Deux Rives\" \/>\n<meta property=\"og:description\" content=\"Mentions l\u00e9gales Article 1 : G\u00e9n\u00e9ralit\u00e9s Ce site Internet a \u00e9t\u00e9 con\u00e7u par Didier Leboutte et est g\u00e9r\u00e9 par Ecole des Deux Rives EFCF Musson. Didier Leboutte Rue Jamodenne, 44 B-6900 Aye - BE-0688-487-489 T\u00e9l. : +32(0)84.21.05.34 Ecole des Deux Rives EFCF Musson Place Abb\u00e9 Goffinet, 22 B-6750 Musson T\u00e9l. : +32(0)63.67.73.57 Le visiteur du &hellip; Continue reading &quot;Mentions l\u00e9gales&quot;\" \/>\n<meta property=\"og:url\" content=\"https:\/\/ecole-des-deux-rives.be\/index.php\/mentions-legales\/\" \/>\n<meta property=\"og:site_name\" content=\"Ecoles des Deux Rives\" \/>\n<meta property=\"og:image\" content=\"https:\/\/ecole-des-deux-rives.be\/wp-content\/uploads\/2024\/12\/ecole_primaire_entree.jpg\" \/>\n\t<meta property=\"og:image:width\" content=\"1920\" \/>\n\t<meta property=\"og:image:height\" content=\"1080\" \/>\n\t<meta property=\"og:image:type\" content=\"image\/jpeg\" \/>\n<meta name=\"twitter:card\" content=\"summary_large_image\" \/>\n<meta name=\"twitter:label1\" content=\"Dur\u00e9e de lecture estim\u00e9e\" \/>\n\t<meta name=\"twitter:data1\" content=\"4 minutes\" \/>\n<script type=\"application\/ld+json\" class=\"yoast-schema-graph\">{\"@context\":\"https:\\\/\\\/schema.org\",\"@graph\":[{\"@type\":\"WebPage\",\"@id\":\"https:\\\/\\\/ecole-des-deux-rives.be\\\/index.php\\\/mentions-legales\\\/\",\"url\":\"https:\\\/\\\/ecole-des-deux-rives.be\\\/index.php\\\/mentions-legales\\\/\",\"name\":\"Mentions l\u00e9gales - Ecoles des Deux Rives\",\"isPartOf\":{\"@id\":\"https:\\\/\\\/ecole-des-deux-rives.be\\\/#website\"},\"datePublished\":\"2025-09-22T17:23:43+00:00\",\"breadcrumb\":{\"@id\":\"https:\\\/\\\/ecole-des-deux-rives.be\\\/index.php\\\/mentions-legales\\\/#breadcrumb\"},\"inLanguage\":\"fr-FR\",\"potentialAction\":[{\"@type\":\"ReadAction\",\"target\":[\"https:\\\/\\\/ecole-des-deux-rives.be\\\/index.php\\\/mentions-legales\\\/\"]}]},{\"@type\":\"BreadcrumbList\",\"@id\":\"https:\\\/\\\/ecole-des-deux-rives.be\\\/index.php\\\/mentions-legales\\\/#breadcrumb\",\"itemListElement\":[{\"@type\":\"ListItem\",\"position\":1,\"name\":\"Accueil\",\"item\":\"https:\\\/\\\/ecole-des-deux-rives.be\\\/\"},{\"@type\":\"ListItem\",\"position\":2,\"name\":\"Mentions l\u00e9gales\"}]},{\"@type\":\"WebSite\",\"@id\":\"https:\\\/\\\/ecole-des-deux-rives.be\\\/#website\",\"url\":\"https:\\\/\\\/ecole-des-deux-rives.be\\\/\",\"name\":\"Ecole des deux rives \u00e0 Musson\",\"description\":\"Ecoles des Deux Rives, Musson\",\"alternateName\":\"Eddr\",\"potentialAction\":[{\"@type\":\"SearchAction\",\"target\":{\"@type\":\"EntryPoint\",\"urlTemplate\":\"https:\\\/\\\/ecole-des-deux-rives.be\\\/?s={search_term_string}\"},\"query-input\":{\"@type\":\"PropertyValueSpecification\",\"valueRequired\":true,\"valueName\":\"search_term_string\"}}],\"inLanguage\":\"fr-FR\"}]}<\/script>\n<!-- \/ Yoast SEO plugin. -->","yoast_head_json":{"title":"Mentions l\u00e9gales - Ecoles des Deux Rives","robots":{"index":"index","follow":"follow","max-snippet":"max-snippet:-1","max-image-preview":"max-image-preview:large","max-video-preview":"max-video-preview:-1"},"canonical":"https:\/\/ecole-des-deux-rives.be\/index.php\/mentions-legales\/","og_locale":"fr_FR","og_type":"article","og_title":"Mentions l\u00e9gales - Ecoles des Deux Rives","og_description":"Mentions l\u00e9gales Article 1 : G\u00e9n\u00e9ralit\u00e9s Ce site Internet a \u00e9t\u00e9 con\u00e7u par Didier Leboutte et est g\u00e9r\u00e9 par Ecole des Deux Rives EFCF Musson. Didier Leboutte Rue Jamodenne, 44 B-6900 Aye - BE-0688-487-489 T\u00e9l. : +32(0)84.21.05.34 Ecole des Deux Rives EFCF Musson Place Abb\u00e9 Goffinet, 22 B-6750 Musson T\u00e9l. : +32(0)63.67.73.57 Le visiteur du &hellip; Continue reading \"Mentions l\u00e9gales\"","og_url":"https:\/\/ecole-des-deux-rives.be\/index.php\/mentions-legales\/","og_site_name":"Ecoles des Deux Rives","og_image":[{"width":1920,"height":1080,"url":"https:\/\/ecole-des-deux-rives.be\/wp-content\/uploads\/2024\/12\/ecole_primaire_entree.jpg","type":"image\/jpeg"}],"twitter_card":"summary_large_image","twitter_misc":{"Dur\u00e9e de lecture estim\u00e9e":"4 minutes"},"schema":{"@context":"https:\/\/schema.org","@graph":[{"@type":"WebPage","@id":"https:\/\/ecole-des-deux-rives.be\/index.php\/mentions-legales\/","url":"https:\/\/ecole-des-deux-rives.be\/index.php\/mentions-legales\/","name":"Mentions l\u00e9gales - Ecoles des Deux Rives","isPartOf":{"@id":"https:\/\/ecole-des-deux-rives.be\/#website"},"datePublished":"2025-09-22T17:23:43+00:00","breadcrumb":{"@id":"https:\/\/ecole-des-deux-rives.be\/index.php\/mentions-legales\/#breadcrumb"},"inLanguage":"fr-FR","potentialAction":[{"@type":"ReadAction","target":["https:\/\/ecole-des-deux-rives.be\/index.php\/mentions-legales\/"]}]},{"@type":"BreadcrumbList","@id":"https:\/\/ecole-des-deux-rives.be\/index.php\/mentions-legales\/#breadcrumb","itemListElement":[{"@type":"ListItem","position":1,"name":"Accueil","item":"https:\/\/ecole-des-deux-rives.be\/"},{"@type":"ListItem","position":2,"name":"Mentions l\u00e9gales"}]},{"@type":"WebSite","@id":"https:\/\/ecole-des-deux-rives.be\/#website","url":"https:\/\/ecole-des-deux-rives.be\/","name":"Ecole des deux rives \u00e0 Musson","description":"Ecoles des Deux Rives, Musson","alternateName":"Eddr","potentialAction":[{"@type":"SearchAction","target":{"@type":"EntryPoint","urlTemplate":"https:\/\/ecole-des-deux-rives.be\/?s={search_term_string}"},"query-input":{"@type":"PropertyValueSpecification","valueRequired":true,"valueName":"search_term_string"}}],"inLanguage":"fr-FR"}]}},"jetpack_sharing_enabled":true,"_links":{"self":[{"href":"https:\/\/ecole-des-deux-rives.be\/index.php\/wp-json\/wp\/v2\/pages\/352","targetHints":{"allow":["GET"]}}],"collection":[{"href":"https:\/\/ecole-des-deux-rives.be\/index.php\/wp-json\/wp\/v2\/pages"}],"about":[{"href":"https:\/\/ecole-des-deux-rives.be\/index.php\/wp-json\/wp\/v2\/types\/page"}],"author":[{"embeddable":true,"href":"https:\/\/ecole-des-deux-rives.be\/index.php\/wp-json\/wp\/v2\/users\/1"}],"replies":[{"embeddable":true,"href":"https:\/\/ecole-des-deux-rives.be\/index.php\/wp-json\/wp\/v2\/comments?post=352"}],"version-history":[{"count":4,"href":"https:\/\/ecole-des-deux-rives.be\/index.php\/wp-json\/wp\/v2\/pages\/352\/revisions"}],"predecessor-version":[{"id":356,"href":"https:\/\/ecole-des-deux-rives.be\/index.php\/wp-json\/wp\/v2\/pages\/352\/revisions\/356"}],"wp:attachment":[{"href":"https:\/\/ecole-des-deux-rives.be\/index.php\/wp-json\/wp\/v2\/media?parent=352"}],"curies":[{"name":"wp","href":"https:\/\/api.w.org\/{rel}","templated":true}]}}